{"id":3871,"date":"2023-02-16T11:57:50","date_gmt":"2023-02-16T10:57:50","guid":{"rendered":"https:\/\/dev-hosti.clients.findyour.services\/impressum\/"},"modified":"2025-02-05T08:47:14","modified_gmt":"2025-02-05T07:47:14","slug":"mentions-legales","status":"publish","type":"page","link":"https:\/\/www.hosti.de\/fr\/legales\/mentions-legales\/","title":{"rendered":"Mentions l\u00e9gales"},"content":{"rendered":"\t\t<div data-elementor-type=\"wp-page\" data-elementor-id=\"3871\" class=\"elementor elementor-3871 elementor-73\" data-elementor-post-type=\"page\">\n\t\t\t\t<div class=\"elementor-element elementor-element-1aaad90 e-con-full e-flex e-con e-parent\" data-id=\"1aaad90\" data-element_type=\"container\">\n\t\t<div class=\"elementor-element elementor-element-b7b6209 e-flex e-con-boxed e-con e-child\" data-id=\"b7b6209\" data-element_type=\"container\">\n\t\t\t\t\t<div class=\"e-con-inner\">\n\t\t\t\t<div class=\"elementor-element elementor-element-5de6f93 elementor-widget elementor-widget-heading\" data-id=\"5de6f93\" data-element_type=\"widget\" data-widget_type=\"heading.default\">\n\t\t\t\t<div class=\"elementor-widget-container\">\n\t\t\t<style>\/*! elementor - v3.23.0 - 05-08-2024 *\/\n.elementor-heading-title{padding:0;margin:0;line-height:1}.elementor-widget-heading .elementor-heading-title[class*=elementor-size-]>a{color:inherit;font-size:inherit;line-height:inherit}.elementor-widget-heading .elementor-heading-title.elementor-size-small{font-size:15px}.elementor-widget-heading .elementor-heading-title.elementor-size-medium{font-size:19px}.elementor-widget-heading .elementor-heading-title.elementor-size-large{font-size:29px}.elementor-widget-heading .elementor-heading-title.elementor-size-xl{font-size:39px}.elementor-widget-heading .elementor-heading-title.elementor-size-xxl{font-size:59px}<\/style><h2 class=\"elementor-heading-title elementor-size-default\">Ce site internet est un produit de l\u2019entreprise HOSTI GmbH<\/h2>\t\t<\/div>\n\t\t\t\t<\/div>\n\t\t\t\t<div class=\"elementor-element elementor-element-3cc725d elementor-widget elementor-widget-text-editor\" data-id=\"3cc725d\" data-element_type=\"widget\" data-widget_type=\"text-editor.default\">\n\t\t\t\t<div class=\"elementor-widget-container\">\n\t\t\t<style>\/*! elementor - v3.23.0 - 05-08-2024 *\/\n.elementor-widget-text-editor.elementor-drop-cap-view-stacked .elementor-drop-cap{background-color:#69727d;color:#fff}.elementor-widget-text-editor.elementor-drop-cap-view-framed .elementor-drop-cap{color:#69727d;border:3px solid;background-color:transparent}.elementor-widget-text-editor:not(.elementor-drop-cap-view-default) .elementor-drop-cap{margin-top:8px}.elementor-widget-text-editor:not(.elementor-drop-cap-view-default) .elementor-drop-cap-letter{width:1em;height:1em}.elementor-widget-text-editor .elementor-drop-cap{float:left;text-align:center;line-height:1;font-size:50px}.elementor-widget-text-editor .elementor-drop-cap-letter{display:inline-block}<\/style>\t\t\t\t<p><strong>HOSTI GmbH<\/strong><\/p><p>Emil-Stickel-Stra\u00dfe 6 \u2022 74629 Pfedelbach \u2022 Allemagne<br \/>Tel.: +49 (0) 7941 6092 \u2013 0<br \/>Fax: +49 (0) 7941 6092 \u2013 140<br \/>eMail : <a href=\"mailto:info@hosti.de\">info@hosti.de<\/a><\/p><p>Directeurs: Hansj\u00f6rg Stickel, Ramona Stickel<br \/>Cour de registre: Stuttgart<\/p><p>Num\u00e9ro de registre: HRB 58 0228<br \/>Num\u00e9ro d\u2019identification TVA conform\u00e9ment au \u00a727a de la loi allemande relative \u00e0 l\u2019imp\u00f4t sur le chiffre d\u2019affaires: DE 146 277 651<\/p><p><strong>Responsable des contenus selon l\u2019article 55 paragraphe 2 du RSTV (trait\u00e9 inter-L\u00e4nder sur la radiodiffusion): <\/strong><\/p><p>Hansj\u00f6rg Stickel, Ramona Stickel<br \/>Emil-Stickel-Stra\u00dfe 6 \u2022 74629 Pfedelbach<\/p><p><strong>Droit d\u2019auteur:<\/strong><\/p><p>Le site internet HOSTI et ses contenus sont tous droits d\u2019auteur r\u00e9serv\u00e9s, \u00a9 Copyright by HOSTI GmbH, Emil-Stickel-Stra\u00dfe 2-6, 74629 Pfedelbach, Allemagne. La modification du site, peu importe la longueur, n\u00e9cessite l\u2019accord d\u2019HOSTI GmbH.<\/p><p><strong>Conception et programmation:<\/strong><\/p><p>La conception et la programmation de ce site Web ont \u00e9t\u00e9 r\u00e9alis\u00e9es par <a href=\"https:\/\/findyour.services\/\" target=\"_blank\" rel=\"noopener\">FindYour.<\/a><\/p><p><strong>Responsabilit\u00e9:<\/strong><\/p><p>Malgr\u00e9 un contr\u00f4le minutieux des contenus, nous d\u00e9clinons toute responsabilit\u00e9 pour les contenus des liens externes. Seuls les exploitants sont responsables de ces pages.<\/p><p><strong>Protection des donn\u00e9es personnelles<\/strong><\/p><p>HOSTI GmbH pourra \u00eatre amen\u00e9 \u00e0 recueillir des donn\u00e9es personnelles concernant l\u2019utilisateur. Il s\u2019engage \u00e0 en pr\u00e9server la confidentialit\u00e9 et ne les traiter que selon le r\u00e8glement relatif \u00e0 la protection des donn\u00e9es. Les donn\u00e9es personnelles seront seulement enregistr\u00e9es et utilis\u00e9es si cela s\u2019av\u00e8re n\u00e9cessaire pour la stipulation ou l\u2019ex\u00e9cution du rapport contractuel. L\u2019utilisateur peut exiger \u00e0 tout moment d\u2019obtenir des informations concernant les donn\u00e9es personnelles enregistr\u00e9es sur son compte. En outre, il peut exiger que celles-ci soient supprim\u00e9es d\u00e8s que le contrat a \u00e9t\u00e9 pass\u00e9, \u00e0 moins que la conservation des donn\u00e9es n\u2019ait \u00e9t\u00e9 stipul\u00e9e au pr\u00e9alable.<\/p><p><strong>Protection des donn\u00e9es g\u00e9n\u00e9rales<\/strong><\/p><p>\u00c0 chaque fois qu\u2019une personne se rend sur le site, des donn\u00e9es seront sauvegard\u00e9es dans un fichier log. Celles-ci ne contiennent aucune information personnelle. Nous ne pouvons pas identifier quel utilisateur a recherch\u00e9 telle ou telle information. Voici les informations qui sont enregistr\u00e9es \u00e0 chaque acc\u00e8s sur le site:<\/p><ul><li>Le nom des fichiers consult\u00e9s<\/li><li>La date et l\u2019heure de la requ\u00eate<\/li><li>La quantit\u00e9 de donn\u00e9es transf\u00e9r\u00e9es<\/li><li>Le statut de la requ\u00eate (fichier transmis, fichier non trouv\u00e9 etc.)<\/li><li>La page sur laquelle a \u00e9t\u00e9 demand\u00e9 le fichier<\/li><li>Une description du type de browser utilis\u00e9<\/li><\/ul><p>D\u00e8s que vous vous rendez sur notre page, nous collectons un ensemble de donn\u00e9es \u00e0 des fins statistiques. \u00c0 l\u2019aide d\u2019une adresse IP, il est possible d\u2019autoriser une identification. Il n\u2019y a aucune exploitation des donn\u00e9es personnelles.<\/p><p><i>Source: <a href=\"https:\/\/www.e-recht24.de\/\" target=\"_blank\" rel=\"noopener\">https:\/\/www.e-recht24.de<\/a><\/i><\/p>\t\t\t\t\t\t<\/div>\n\t\t\t\t<\/div>\n\t\t\t\t\t<\/div>\n\t\t\t\t<\/div>\n\t\t\t\t<\/div>\n\t\t\t\t<\/div>\n\t\t","protected":false},"excerpt":{"rendered":"<p>Ce site internet est un produit de l\u2019entreprise HOSTI GmbH HOSTI GmbH Emil-Stickel-Stra\u00dfe 6 \u2022 74629 Pfedelbach \u2022 AllemagneTel.: +49 (0) 7941 6092 \u2013 0Fax: +49 (0) 7941 6092 \u2013 140eMail : info@hosti.de Directeurs: Hansj\u00f6rg Stickel, Ramona StickelCour de registre: Stuttgart Num\u00e9ro de registre: HRB 58 0228Num\u00e9ro d\u2019identification TVA conform\u00e9ment au \u00a727a de la loi [&hellip;]<\/p>\n","protected":false},"author":1,"featured_media":0,"parent":11820,"menu_order":1,"comment_status":"closed","ping_status":"closed","template":"","meta":{"_acf_changed":false,"inline_featured_image":false,"footnotes":""},"class_list":["post-3871","page","type-page","status-publish","hentry"],"acf":[],"yoast_head":"<!-- This site is optimized with the Yoast SEO Premium plugin v27.5 (Yoast SEO v27.5) - https:\/\/yoast.com\/product\/yoast-seo-premium-wordpress\/ -->\n<title>Mentions l\u00e9gales - Hosti GmbH<\/title>\n<meta name=\"robots\" content=\"index, follow, max-snippet:-1, max-image-preview:large, max-video-preview:-1\" \/>\n<link rel=\"canonical\" href=\"https:\/\/www.hosti.de\/fr\/legales\/mentions-legales\/\" \/>\n<meta property=\"og:locale\" content=\"fr_FR\" \/>\n<meta property=\"og:type\" content=\"article\" \/>\n<meta property=\"og:title\" content=\"Mentions l\u00e9gales\" \/>\n<meta property=\"og:description\" content=\"Ce site internet est un produit de l\u2019entreprise HOSTI GmbH HOSTI GmbH Emil-Stickel-Stra\u00dfe 6 \u2022 74629 Pfedelbach \u2022 AllemagneTel.: +49 (0) 7941 6092 \u2013 0Fax: +49 (0) 7941 6092 \u2013 140eMail : info@hosti.de Directeurs: Hansj\u00f6rg Stickel, Ramona StickelCour de registre: Stuttgart Num\u00e9ro de registre: HRB 58 0228Num\u00e9ro d\u2019identification TVA conform\u00e9ment au \u00a727a de la loi [&hellip;]\" \/>\n<meta property=\"og:url\" content=\"https:\/\/www.hosti.de\/fr\/legales\/mentions-legales\/\" \/>\n<meta property=\"og:site_name\" content=\"Hosti GmbH\" \/>\n<meta property=\"article:modified_time\" content=\"2025-02-05T07:47:14+00:00\" \/>\n<meta name=\"twitter:card\" content=\"summary_large_image\" \/>\n<meta name=\"twitter:label1\" content=\"Dur\u00e9e de lecture estim\u00e9e\" \/>\n\t<meta name=\"twitter:data1\" content=\"3 minutes\" \/>\n<script type=\"application\/ld+json\" class=\"yoast-schema-graph\">{\"@context\":\"https:\\\/\\\/schema.org\",\"@graph\":[{\"@type\":\"WebPage\",\"@id\":\"https:\\\/\\\/www.hosti.de\\\/fr\\\/legales\\\/mentions-legales\\\/\",\"url\":\"https:\\\/\\\/www.hosti.de\\\/fr\\\/legales\\\/mentions-legales\\\/\",\"name\":\"Mentions l\u00e9gales - Hosti GmbH\",\"isPartOf\":{\"@id\":\"https:\\\/\\\/www.hosti.de\\\/fr\\\/#website\"},\"datePublished\":\"2023-02-16T10:57:50+00:00\",\"dateModified\":\"2025-02-05T07:47:14+00:00\",\"breadcrumb\":{\"@id\":\"https:\\\/\\\/www.hosti.de\\\/fr\\\/legales\\\/mentions-legales\\\/#breadcrumb\"},\"inLanguage\":\"fr-FR\",\"potentialAction\":[{\"@type\":\"ReadAction\",\"target\":[\"https:\\\/\\\/www.hosti.de\\\/fr\\\/legales\\\/mentions-legales\\\/\"]}]},{\"@type\":\"BreadcrumbList\",\"@id\":\"https:\\\/\\\/www.hosti.de\\\/fr\\\/legales\\\/mentions-legales\\\/#breadcrumb\",\"itemListElement\":[{\"@type\":\"ListItem\",\"position\":1,\"name\":\"Page d'accueil\",\"item\":\"https:\\\/\\\/www.hosti.de\\\/fr\\\/\"},{\"@type\":\"ListItem\",\"position\":2,\"name\":\"l\u00e9gales\",\"item\":\"https:\\\/\\\/www.hosti.de\\\/fr\\\/rechtlich\\\/\"},{\"@type\":\"ListItem\",\"position\":3,\"name\":\"Mentions l\u00e9gales\"}]},{\"@type\":\"WebSite\",\"@id\":\"https:\\\/\\\/www.hosti.de\\\/fr\\\/#website\",\"url\":\"https:\\\/\\\/www.hosti.de\\\/fr\\\/\",\"name\":\"Hosti GmbH\",\"description\":\"Lebendige und fr\u00f6hliche Einwegprodukte\",\"publisher\":{\"@id\":\"https:\\\/\\\/www.hosti.de\\\/fr\\\/#organization\"},\"alternateName\":\"Hosti\",\"potentialAction\":[{\"@type\":\"SearchAction\",\"target\":{\"@type\":\"EntryPoint\",\"urlTemplate\":\"https:\\\/\\\/www.hosti.de\\\/fr\\\/?s={search_term_string}\"},\"query-input\":{\"@type\":\"PropertyValueSpecification\",\"valueRequired\":true,\"valueName\":\"search_term_string\"}}],\"inLanguage\":\"fr-FR\"},{\"@type\":\"Organization\",\"@id\":\"https:\\\/\\\/www.hosti.de\\\/fr\\\/#organization\",\"name\":\"Hosti GmbH\",\"url\":\"https:\\\/\\\/www.hosti.de\\\/fr\\\/\",\"logo\":{\"@type\":\"ImageObject\",\"inLanguage\":\"fr-FR\",\"@id\":\"https:\\\/\\\/www.hosti.de\\\/fr\\\/#\\\/schema\\\/logo\\\/image\\\/\",\"url\":\"https:\\\/\\\/www.hosti.de\\\/wp-content\\\/uploads\\\/hosti-logo.svg\",\"contentUrl\":\"https:\\\/\\\/www.hosti.de\\\/wp-content\\\/uploads\\\/hosti-logo.svg\",\"width\":222,\"height\":91,\"caption\":\"Hosti GmbH\"},\"image\":{\"@id\":\"https:\\\/\\\/www.hosti.de\\\/fr\\\/#\\\/schema\\\/logo\\\/image\\\/\"}}]}<\/script>\n<!-- \/ Yoast SEO Premium plugin. -->","yoast_head_json":{"title":"Mentions l\u00e9gales - Hosti GmbH","robots":{"index":"index","follow":"follow","max-snippet":"max-snippet:-1","max-image-preview":"max-image-preview:large","max-video-preview":"max-video-preview:-1"},"canonical":"https:\/\/www.hosti.de\/fr\/legales\/mentions-legales\/","og_locale":"fr_FR","og_type":"article","og_title":"Mentions l\u00e9gales","og_description":"Ce site internet est un produit de l\u2019entreprise HOSTI GmbH HOSTI GmbH Emil-Stickel-Stra\u00dfe 6 \u2022 74629 Pfedelbach \u2022 AllemagneTel.: +49 (0) 7941 6092 \u2013 0Fax: +49 (0) 7941 6092 \u2013 140eMail : info@hosti.de Directeurs: Hansj\u00f6rg Stickel, Ramona StickelCour de registre: Stuttgart Num\u00e9ro de registre: HRB 58 0228Num\u00e9ro d\u2019identification TVA conform\u00e9ment au \u00a727a de la loi [&hellip;]","og_url":"https:\/\/www.hosti.de\/fr\/legales\/mentions-legales\/","og_site_name":"Hosti GmbH","article_modified_time":"2025-02-05T07:47:14+00:00","twitter_card":"summary_large_image","twitter_misc":{"Dur\u00e9e de lecture estim\u00e9e":"3 minutes"},"schema":{"@context":"https:\/\/schema.org","@graph":[{"@type":"WebPage","@id":"https:\/\/www.hosti.de\/fr\/legales\/mentions-legales\/","url":"https:\/\/www.hosti.de\/fr\/legales\/mentions-legales\/","name":"Mentions l\u00e9gales - Hosti GmbH","isPartOf":{"@id":"https:\/\/www.hosti.de\/fr\/#website"},"datePublished":"2023-02-16T10:57:50+00:00","dateModified":"2025-02-05T07:47:14+00:00","breadcrumb":{"@id":"https:\/\/www.hosti.de\/fr\/legales\/mentions-legales\/#breadcrumb"},"inLanguage":"fr-FR","potentialAction":[{"@type":"ReadAction","target":["https:\/\/www.hosti.de\/fr\/legales\/mentions-legales\/"]}]},{"@type":"BreadcrumbList","@id":"https:\/\/www.hosti.de\/fr\/legales\/mentions-legales\/#breadcrumb","itemListElement":[{"@type":"ListItem","position":1,"name":"Page d'accueil","item":"https:\/\/www.hosti.de\/fr\/"},{"@type":"ListItem","position":2,"name":"l\u00e9gales","item":"https:\/\/www.hosti.de\/fr\/rechtlich\/"},{"@type":"ListItem","position":3,"name":"Mentions l\u00e9gales"}]},{"@type":"WebSite","@id":"https:\/\/www.hosti.de\/fr\/#website","url":"https:\/\/www.hosti.de\/fr\/","name":"Hosti GmbH","description":"Lebendige und fr\u00f6hliche Einwegprodukte","publisher":{"@id":"https:\/\/www.hosti.de\/fr\/#organization"},"alternateName":"Hosti","potentialAction":[{"@type":"SearchAction","target":{"@type":"EntryPoint","urlTemplate":"https:\/\/www.hosti.de\/fr\/?s={search_term_string}"},"query-input":{"@type":"PropertyValueSpecification","valueRequired":true,"valueName":"search_term_string"}}],"inLanguage":"fr-FR"},{"@type":"Organization","@id":"https:\/\/www.hosti.de\/fr\/#organization","name":"Hosti GmbH","url":"https:\/\/www.hosti.de\/fr\/","logo":{"@type":"ImageObject","inLanguage":"fr-FR","@id":"https:\/\/www.hosti.de\/fr\/#\/schema\/logo\/image\/","url":"https:\/\/www.hosti.de\/wp-content\/uploads\/hosti-logo.svg","contentUrl":"https:\/\/www.hosti.de\/wp-content\/uploads\/hosti-logo.svg","width":222,"height":91,"caption":"Hosti GmbH"},"image":{"@id":"https:\/\/www.hosti.de\/fr\/#\/schema\/logo\/image\/"}}]}},"_links":{"self":[{"href":"https:\/\/www.hosti.de\/fr\/wp-json\/wp\/v2\/pages\/3871","targetHints":{"allow":["GET"]}}],"collection":[{"href":"https:\/\/www.hosti.de\/fr\/wp-json\/wp\/v2\/pages"}],"about":[{"href":"https:\/\/www.hosti.de\/fr\/wp-json\/wp\/v2\/types\/page"}],"author":[{"embeddable":true,"href":"https:\/\/www.hosti.de\/fr\/wp-json\/wp\/v2\/users\/1"}],"replies":[{"embeddable":true,"href":"https:\/\/www.hosti.de\/fr\/wp-json\/wp\/v2\/comments?post=3871"}],"version-history":[{"count":0,"href":"https:\/\/www.hosti.de\/fr\/wp-json\/wp\/v2\/pages\/3871\/revisions"}],"up":[{"embeddable":true,"href":"https:\/\/www.hosti.de\/fr\/wp-json\/wp\/v2\/pages\/11820"}],"wp:attachment":[{"href":"https:\/\/www.hosti.de\/fr\/wp-json\/wp\/v2\/media?parent=3871"}],"curies":[{"name":"wp","href":"https:\/\/api.w.org\/{rel}","templated":true}]}}