{"id":5457,"date":"2023-08-04T11:02:36","date_gmt":"2023-08-04T09:02:36","guid":{"rendered":"https:\/\/dev-hosti.clients.findyour.services\/produkt\/assiettes-rondes-en-carton-kraft-oe-34-cm\/"},"modified":"2024-02-02T09:31:47","modified_gmt":"2024-02-02T08:31:47","slug":"assiettes-rondes-en-carton-kraft-a-barriere-grasse-diametre-34","status":"publish","type":"product","link":"https:\/\/www.hosti.de\/fr\/produits\/assiettes-rondes-en-carton-kraft-a-barriere-grasse-diametre-34\/","title":{"rendered":"ASSIETTE RONDE EN CARTON RECYCL\u00c9 FABRIQU\u00c9 \u00c0 CARTON KRAFT ET MUNI D\u2019UNE BARRI\u00c8RE DE GRAISSE \u2013 CREUSE"},"content":{"rendered":"","protected":false},"excerpt":{"rendered":"","protected":false},"featured_media":2291,"template":"","meta":{"_acf_changed":false,"inline_featured_image":false},"product_brand":[],"product_cat":[256],"product_tag":[],"class_list":{"0":"post-5457","1":"product","2":"type-product","3":"status-publish","4":"has-post-thumbnail","6":"product_cat-assiettes-rondes","7":"pa_farbe-brun","8":"pa_masse-oe-34-cm-fr","9":"pa_ve-anzahl-4-fr","10":"pa_ve-menge-50-fr","12":"first","13":"instock","14":"taxable","15":"shipping-taxable","16":"purchasable","17":"product-type-simple"},"acf":[],"yoast_head":"<!-- This site is optimized with the Yoast SEO Premium plugin v27.5 (Yoast SEO v27.5) - https:\/\/yoast.com\/product\/yoast-seo-premium-wordpress\/ -->\n<title>ASSIETTE RONDE EN CARTON RECYCL\u00c9 FABRIQU\u00c9 \u00c0 CARTON KRAFT ET MUNI D\u2019UNE BARRI\u00c8RE DE GRAISSE \u2013 CREUSE - Hosti GmbH<\/title>\n<meta name=\"robots\" content=\"index, follow, max-snippet:-1, max-image-preview:large, max-video-preview:-1\" \/>\n<link rel=\"canonical\" href=\"https:\/\/www.hosti.de\/fr\/produits\/assiettes-rondes-en-carton-kraft-a-barriere-grasse-diametre-34\/\" \/>\n<meta property=\"og:locale\" content=\"fr_FR\" \/>\n<meta property=\"og:type\" content=\"article\" \/>\n<meta property=\"og:title\" content=\"ASSIETTE RONDE EN CARTON RECYCL\u00c9 FABRIQU\u00c9 \u00c0 CARTON KRAFT ET MUNI D\u2019UNE BARRI\u00c8RE DE GRAISSE \u2013 CREUSE\" \/>\n<meta property=\"og:url\" content=\"https:\/\/www.hosti.de\/fr\/produits\/assiettes-rondes-en-carton-kraft-a-barriere-grasse-diametre-34\/\" \/>\n<meta property=\"og:site_name\" content=\"Hosti GmbH\" \/>\n<meta property=\"article:modified_time\" content=\"2024-02-02T08:31:47+00:00\" \/>\n<meta property=\"og:image\" content=\"https:\/\/www.hosti.de\/wp-content\/uploads\/10534010.png\" \/>\n\t<meta property=\"og:image:width\" content=\"800\" \/>\n\t<meta property=\"og:image:height\" content=\"825\" \/>\n\t<meta property=\"og:image:type\" content=\"image\/png\" \/>\n<meta name=\"twitter:card\" content=\"summary_large_image\" \/>\n<meta name=\"twitter:label1\" content=\"Prix\" \/>\n\t<meta name=\"twitter:data1\" content=\"0,00&nbsp;&euro;\" \/>\n\t<meta name=\"twitter:label2\" content=\"Disponibilit\u00e9\" \/>\n\t<meta name=\"twitter:data2\" content=\"En stock\" \/>\n<script type=\"application\/ld+json\" class=\"yoast-schema-graph\">{\"@context\":\"https:\\\/\\\/schema.org\",\"@graph\":[{\"@type\":\"WebPage\",\"@id\":\"https:\\\/\\\/www.hosti.de\\\/fr\\\/produits\\\/assiettes-rondes-en-carton-kraft-a-barriere-grasse-diametre-34\\\/\",\"url\":\"https:\\\/\\\/www.hosti.de\\\/fr\\\/produits\\\/assiettes-rondes-en-carton-kraft-a-barriere-grasse-diametre-34\\\/\",\"name\":\"ASSIETTE RONDE EN CARTON RECYCL\u00c9 FABRIQU\u00c9 \u00c0 CARTON KRAFT ET MUNI D\u2019UNE BARRI\u00c8RE DE GRAISSE \u2013 CREUSE - Hosti GmbH\",\"isPartOf\":{\"@id\":\"https:\\\/\\\/www.hosti.de\\\/fr\\\/#website\"},\"primaryImageOfPage\":{\"@id\":\"https:\\\/\\\/www.hosti.de\\\/fr\\\/produits\\\/assiettes-rondes-en-carton-kraft-a-barriere-grasse-diametre-34\\\/#primaryimage\"},\"image\":{\"@id\":\"https:\\\/\\\/www.hosti.de\\\/fr\\\/produits\\\/assiettes-rondes-en-carton-kraft-a-barriere-grasse-diametre-34\\\/#primaryimage\"},\"thumbnailUrl\":\"https:\\\/\\\/www.hosti.de\\\/wp-content\\\/uploads\\\/10534010.png\",\"datePublished\":\"2023-08-04T09:02:36+00:00\",\"dateModified\":\"2024-02-02T08:31:47+00:00\",\"breadcrumb\":{\"@id\":\"https:\\\/\\\/www.hosti.de\\\/fr\\\/produits\\\/assiettes-rondes-en-carton-kraft-a-barriere-grasse-diametre-34\\\/#breadcrumb\"},\"inLanguage\":\"fr-FR\",\"potentialAction\":[{\"@type\":\"ReadAction\",\"target\":[\"https:\\\/\\\/www.hosti.de\\\/fr\\\/produits\\\/assiettes-rondes-en-carton-kraft-a-barriere-grasse-diametre-34\\\/\"]}]},{\"@type\":\"ImageObject\",\"inLanguage\":\"fr-FR\",\"@id\":\"https:\\\/\\\/www.hosti.de\\\/fr\\\/produits\\\/assiettes-rondes-en-carton-kraft-a-barriere-grasse-diametre-34\\\/#primaryimage\",\"url\":\"https:\\\/\\\/www.hosti.de\\\/wp-content\\\/uploads\\\/10534010.png\",\"contentUrl\":\"https:\\\/\\\/www.hosti.de\\\/wp-content\\\/uploads\\\/10534010.png\",\"width\":1986,\"height\":2048},{\"@type\":\"BreadcrumbList\",\"@id\":\"https:\\\/\\\/www.hosti.de\\\/fr\\\/produits\\\/assiettes-rondes-en-carton-kraft-a-barriere-grasse-diametre-34\\\/#breadcrumb\",\"itemListElement\":[{\"@type\":\"ListItem\",\"position\":1,\"name\":\"Page d'accueil\",\"item\":\"https:\\\/\\\/www.hosti.de\\\/fr\\\/\"},{\"@type\":\"ListItem\",\"position\":2,\"name\":\"Des produits\",\"item\":\"https:\\\/\\\/www.hosti.de\\\/fr\\\/shop\\\/\"},{\"@type\":\"ListItem\",\"position\":3,\"name\":\"ASSIETTE RONDE EN CARTON RECYCL\u00c9 FABRIQU\u00c9 \u00c0 CARTON KRAFT ET MUNI D\u2019UNE BARRI\u00c8RE DE GRAISSE \u2013 CREUSE\"}]},{\"@type\":\"WebSite\",\"@id\":\"https:\\\/\\\/www.hosti.de\\\/fr\\\/#website\",\"url\":\"https:\\\/\\\/www.hosti.de\\\/fr\\\/\",\"name\":\"Hosti GmbH\",\"description\":\"Lebendige und fr\u00f6hliche Einwegprodukte\",\"publisher\":{\"@id\":\"https:\\\/\\\/www.hosti.de\\\/fr\\\/#organization\"},\"alternateName\":\"Hosti\",\"potentialAction\":[{\"@type\":\"SearchAction\",\"target\":{\"@type\":\"EntryPoint\",\"urlTemplate\":\"https:\\\/\\\/www.hosti.de\\\/fr\\\/?s={search_term_string}\"},\"query-input\":{\"@type\":\"PropertyValueSpecification\",\"valueRequired\":true,\"valueName\":\"search_term_string\"}}],\"inLanguage\":\"fr-FR\"},{\"@type\":\"Organization\",\"@id\":\"https:\\\/\\\/www.hosti.de\\\/fr\\\/#organization\",\"name\":\"Hosti GmbH\",\"url\":\"https:\\\/\\\/www.hosti.de\\\/fr\\\/\",\"logo\":{\"@type\":\"ImageObject\",\"inLanguage\":\"fr-FR\",\"@id\":\"https:\\\/\\\/www.hosti.de\\\/fr\\\/#\\\/schema\\\/logo\\\/image\\\/\",\"url\":\"https:\\\/\\\/www.hosti.de\\\/wp-content\\\/uploads\\\/hosti-logo.svg\",\"contentUrl\":\"https:\\\/\\\/www.hosti.de\\\/wp-content\\\/uploads\\\/hosti-logo.svg\",\"width\":222,\"height\":91,\"caption\":\"Hosti GmbH\"},\"image\":{\"@id\":\"https:\\\/\\\/www.hosti.de\\\/fr\\\/#\\\/schema\\\/logo\\\/image\\\/\"}}]}<\/script>\n<meta property=\"product:price:amount\" content=\"0.00\" \/>\n<meta property=\"product:price:currency\" content=\"EUR\" \/>\n<meta property=\"og:availability\" content=\"instock\" \/>\n<meta property=\"product:availability\" content=\"instock\" \/>\n<meta property=\"product:retailer_item_id\" content=\"10534010\" \/>\n<meta property=\"product:condition\" content=\"new\" \/>\n<!-- \/ Yoast SEO Premium plugin. -->","yoast_head_json":{"title":"ASSIETTE RONDE EN CARTON RECYCL\u00c9 FABRIQU\u00c9 \u00c0 CARTON KRAFT ET MUNI D\u2019UNE BARRI\u00c8RE DE GRAISSE \u2013 CREUSE - Hosti GmbH","robots":{"index":"index","follow":"follow","max-snippet":"max-snippet:-1","max-image-preview":"max-image-preview:large","max-video-preview":"max-video-preview:-1"},"canonical":"https:\/\/www.hosti.de\/fr\/produits\/assiettes-rondes-en-carton-kraft-a-barriere-grasse-diametre-34\/","og_locale":"fr_FR","og_type":"article","og_title":"ASSIETTE RONDE EN CARTON RECYCL\u00c9 FABRIQU\u00c9 \u00c0 CARTON KRAFT ET MUNI D\u2019UNE BARRI\u00c8RE DE GRAISSE \u2013 CREUSE","og_url":"https:\/\/www.hosti.de\/fr\/produits\/assiettes-rondes-en-carton-kraft-a-barriere-grasse-diametre-34\/","og_site_name":"Hosti GmbH","article_modified_time":"2024-02-02T08:31:47+00:00","og_image":[{"url":"https:\/\/www.hosti.de\/wp-content\/uploads\/10534010.png","width":800,"height":825,"type":"image\/png"}],"twitter_card":"summary_large_image","twitter_misc":{"Prix":"0,00&nbsp;&euro;","Disponibilit\u00e9":"En stock"},"schema":{"@context":"https:\/\/schema.org","@graph":[{"@type":"WebPage","@id":"https:\/\/www.hosti.de\/fr\/produits\/assiettes-rondes-en-carton-kraft-a-barriere-grasse-diametre-34\/","url":"https:\/\/www.hosti.de\/fr\/produits\/assiettes-rondes-en-carton-kraft-a-barriere-grasse-diametre-34\/","name":"ASSIETTE RONDE EN CARTON RECYCL\u00c9 FABRIQU\u00c9 \u00c0 CARTON KRAFT ET MUNI D\u2019UNE BARRI\u00c8RE DE GRAISSE \u2013 CREUSE - Hosti GmbH","isPartOf":{"@id":"https:\/\/www.hosti.de\/fr\/#website"},"primaryImageOfPage":{"@id":"https:\/\/www.hosti.de\/fr\/produits\/assiettes-rondes-en-carton-kraft-a-barriere-grasse-diametre-34\/#primaryimage"},"image":{"@id":"https:\/\/www.hosti.de\/fr\/produits\/assiettes-rondes-en-carton-kraft-a-barriere-grasse-diametre-34\/#primaryimage"},"thumbnailUrl":"https:\/\/www.hosti.de\/wp-content\/uploads\/10534010.png","datePublished":"2023-08-04T09:02:36+00:00","dateModified":"2024-02-02T08:31:47+00:00","breadcrumb":{"@id":"https:\/\/www.hosti.de\/fr\/produits\/assiettes-rondes-en-carton-kraft-a-barriere-grasse-diametre-34\/#breadcrumb"},"inLanguage":"fr-FR","potentialAction":[{"@type":"ReadAction","target":["https:\/\/www.hosti.de\/fr\/produits\/assiettes-rondes-en-carton-kraft-a-barriere-grasse-diametre-34\/"]}]},{"@type":"ImageObject","inLanguage":"fr-FR","@id":"https:\/\/www.hosti.de\/fr\/produits\/assiettes-rondes-en-carton-kraft-a-barriere-grasse-diametre-34\/#primaryimage","url":"https:\/\/www.hosti.de\/wp-content\/uploads\/10534010.png","contentUrl":"https:\/\/www.hosti.de\/wp-content\/uploads\/10534010.png","width":1986,"height":2048},{"@type":"BreadcrumbList","@id":"https:\/\/www.hosti.de\/fr\/produits\/assiettes-rondes-en-carton-kraft-a-barriere-grasse-diametre-34\/#breadcrumb","itemListElement":[{"@type":"ListItem","position":1,"name":"Page d'accueil","item":"https:\/\/www.hosti.de\/fr\/"},{"@type":"ListItem","position":2,"name":"Des produits","item":"https:\/\/www.hosti.de\/fr\/shop\/"},{"@type":"ListItem","position":3,"name":"ASSIETTE RONDE EN CARTON RECYCL\u00c9 FABRIQU\u00c9 \u00c0 CARTON KRAFT ET MUNI D\u2019UNE BARRI\u00c8RE DE GRAISSE \u2013 CREUSE"}]},{"@type":"WebSite","@id":"https:\/\/www.hosti.de\/fr\/#website","url":"https:\/\/www.hosti.de\/fr\/","name":"Hosti GmbH","description":"Lebendige und fr\u00f6hliche Einwegprodukte","publisher":{"@id":"https:\/\/www.hosti.de\/fr\/#organization"},"alternateName":"Hosti","potentialAction":[{"@type":"SearchAction","target":{"@type":"EntryPoint","urlTemplate":"https:\/\/www.hosti.de\/fr\/?s={search_term_string}"},"query-input":{"@type":"PropertyValueSpecification","valueRequired":true,"valueName":"search_term_string"}}],"inLanguage":"fr-FR"},{"@type":"Organization","@id":"https:\/\/www.hosti.de\/fr\/#organization","name":"Hosti GmbH","url":"https:\/\/www.hosti.de\/fr\/","logo":{"@type":"ImageObject","inLanguage":"fr-FR","@id":"https:\/\/www.hosti.de\/fr\/#\/schema\/logo\/image\/","url":"https:\/\/www.hosti.de\/wp-content\/uploads\/hosti-logo.svg","contentUrl":"https:\/\/www.hosti.de\/wp-content\/uploads\/hosti-logo.svg","width":222,"height":91,"caption":"Hosti GmbH"},"image":{"@id":"https:\/\/www.hosti.de\/fr\/#\/schema\/logo\/image\/"}}]},"product_price_amount":"0.00","product_price_currency":"EUR","og_availability":"instock","product_availability":"instock","product_retailer_item_id":"10534010","product_condition":"new"},"_links":{"self":[{"href":"https:\/\/www.hosti.de\/fr\/wp-json\/wp\/v2\/product\/5457","targetHints":{"allow":["GET"]}}],"collection":[{"href":"https:\/\/www.hosti.de\/fr\/wp-json\/wp\/v2\/product"}],"about":[{"href":"https:\/\/www.hosti.de\/fr\/wp-json\/wp\/v2\/types\/product"}],"version-history":[{"count":0,"href":"https:\/\/www.hosti.de\/fr\/wp-json\/wp\/v2\/product\/5457\/revisions"}],"wp:featuredmedia":[{"embeddable":true,"href":"https:\/\/www.hosti.de\/fr\/wp-json\/wp\/v2\/media\/2291"}],"wp:attachment":[{"href":"https:\/\/www.hosti.de\/fr\/wp-json\/wp\/v2\/media?parent=5457"}],"wp:term":[{"taxonomy":"product_brand","embeddable":true,"href":"https:\/\/www.hosti.de\/fr\/wp-json\/wp\/v2\/product_brand?post=5457"},{"taxonomy":"product_cat","embeddable":true,"href":"https:\/\/www.hosti.de\/fr\/wp-json\/wp\/v2\/product_cat?post=5457"},{"taxonomy":"product_tag","embeddable":true,"href":"https:\/\/www.hosti.de\/fr\/wp-json\/wp\/v2\/product_tag?post=5457"}],"curies":[{"name":"wp","href":"https:\/\/api.w.org\/{rel}","templated":true}]}}